{"id":2070,"date":"2024-03-06T18:33:57","date_gmt":"2024-03-06T18:33:57","guid":{"rendered":"https:\/\/www.rushlanguageservices.com\/?page_id=2070"},"modified":"2024-10-30T18:51:47","modified_gmt":"2024-10-30T18:51:47","slug":"privacy-policy","status":"publish","type":"page","link":"https:\/\/www.rushlanguageservices.com\/es\/privacy-policy\/","title":{"rendered":"pol\u00edtica de privacidad"},"content":{"rendered":"<h2 class=\"has-text-align-center wp-block-post-title\">pol\u00edtica de privacidad<\/h2>\r\n\r\n\r\n<p>Bienvenido a Rush Translations &amp; Immigrant Services. Su privacidad y la protecci\u00f3n de su informaci\u00f3n personal son de suma importancia para nosotros. Esta Pol\u00edtica de privacidad describe los tipos de informaci\u00f3n personal que recopilamos, c\u00f3mo se utiliza y las medidas que tomamos para proteger sus datos.<\/p>\r\n\r\n\r\n\r\n<p>1. Descripci\u00f3n general<\/p>\r\n\r\n\r\n\r\n<p>Esta Pol\u00edtica de privacidad es exclusiva para las interacciones en l\u00ednea en www.rushtranslations.com y se aplica a la informaci\u00f3n compartida y\/o recopilada en el sitio. No se extiende a la recopilaci\u00f3n de datos fuera de l\u00ednea ni a otros canales fuera de este sitio web.<\/p>\r\n\r\n\r\n\r\n<p>2. Consent<\/p>\r\n\r\n\r\n\r\n<p>Al acceder y utilizar Rush Translations and Immigrant Services, usted acepta los t\u00e9rminos establecidos en esta Pol\u00edtica de privacidad.<\/p>\r\n\r\n\r\n\r\n<p>3. Recopilaci\u00f3n de informaci\u00f3n<\/p>\r\n\r\n\r\n\r\n<p>Aclaramos la finalidad de la recogida de datos en el momento de solicitar su informaci\u00f3n personal, garantizando la transparencia y el consentimiento informado.<\/p>\r\n\r\n\r\n\r\n<p>Las interacciones directas con nosotros, como a trav\u00e9s de correos electr\u00f3nicos o registro de cuenta, pueden implicar la recopilaci\u00f3n de detalles adicionales, incluidos, entre otros, su nombre, correo electr\u00f3nico, n\u00famero de tel\u00e9fono y cualquier otra informaci\u00f3n que elija proporcionar.<\/p>\r\n\r\n\r\n\r\n<p>4. Uso de su informaci\u00f3n<\/p>\r\n\r\n\r\n\r\n<p>Aprovechamos los datos recopilados para mejorar nuestro sitio web y nuestros servicios, con el objetivo de ofrecer una experiencia de usuario personalizada y eficiente. Esto incluye:<\/p>\r\n\r\n\r\n\r\n<p>\u2022 Mantenimiento y optimizaci\u00f3n de sitios web<\/p>\r\n\r\n\r\n\r\n<p>\u2022 An\u00e1lisis del uso del sitio web para informar mejoras<\/p>\r\n\r\n\r\n\r\n<p>\u2022 Desarrollo de nuevas funcionalidades y servicios.<\/p>\r\n\r\n\r\n\r\n<p>\u2022 Comunicaci\u00f3n directa para atenci\u00f3n al cliente, actualizaciones y marketing.<\/p>\r\n\r\n\r\n\r\n<p>\u2022 Notificaciones por correo electr\u00f3nico<\/p>\r\n\r\n\r\n\r\n<p>\u2022 Prevenci\u00f3n del fraude<\/p>\r\n\r\n\r\n\r\n<p>5. Archivos de registro y an\u00e1lisis<\/p>\r\n\r\n\r\n\r\n<p>Siguiendo las pr\u00e1cticas est\u00e1ndar de Internet, recopilamos datos a trav\u00e9s de archivos de registro y herramientas de an\u00e1lisis. Estos datos, que incluyen direcciones IP, tipos de navegador, ISP, marcas de tiempo y patrones de navegaci\u00f3n, se utilizan \u00fanicamente para an\u00e1lisis de tendencias, administraci\u00f3n del sitio, seguimiento de usuarios y datos demogr\u00e1ficos, sin identificar a usuarios individuales.<\/p>\r\n\r\n\r\n\r\n<p>6. Cookies<\/p>\r\n\r\n\r\n\r\n<p>Rush Translations utiliza cookies para almacenar informaci\u00f3n sobre las preferencias y el historial de los visitantes con el fin de adaptar mejor la experiencia del sitio web a los usuarios individuales. Para obtener informaci\u00f3n detallada sobre las cookies, consulte la secci\u00f3n \u201c\u00bfQu\u00e9 son las cookies?\u201d en Consentimiento de cookies.<\/p>\r\n\r\n\r\n\r\n<p>7. Pr\u00e1cticas de privacidad de terceros<\/p>\r\n\r\n\r\n\r\n<p>Nuestra Pol\u00edtica de privacidad no cubre a anunciantes ni sitios web de terceros. Le recomendamos que revise sus Pol\u00edticas de privacidad para obtener informaci\u00f3n completa sobre sus pr\u00e1cticas y gesti\u00f3n de datos.<\/p>\r\n\r\n\r\n\r\n<p>Tiene la opci\u00f3n de deshabilitar las cookies a trav\u00e9s de la configuraci\u00f3n de su navegador, con instrucciones disponibles en los sitios web espec\u00edficos de cada navegador.<\/p>\r\n\r\n\r\n\r\n<p>8. Sus derechos de privacidad<\/p>\r\n\r\n\r\n\r\n<p>De acuerdo con la CCPA y el RGPD, usted tiene derecho a:<\/p>\r\n\r\n\r\n\r\n<p>\u2022 Acceder y obtener una copia de sus datos previa solicitud<\/p>\r\n\r\n\r\n\r\n<p>\u2022 Corregir datos incompletos o inexactos<\/p>\r\n\r\n\r\n\r\n<p>\u2022 Solicitar la eliminaci\u00f3n de sus datos personales bajo ciertas condiciones<\/p>\r\n\r\n\r\n\r\n<p>\u2022 Restringir u oponerse al tratamiento de sus datos<\/p>\r\n\r\n\r\n\r\n<p>\u2022 Solicitar la transferencia de sus datos a otra entidad<\/p>\r\n\r\n\r\n\r\n<p>Nos comprometemos a atender sus solicitudes en el plazo de un mes.<\/p>\r\n\r\n\r\n\r\n<p>9. Privacidad de los ni\u00f1os<\/p>\r\n\r\n\r\n\r\n<p>Proteger la privacidad de los ni\u00f1os en l\u00ednea es fundamental. No recopilamos intencionalmente datos de ni\u00f1os menores de 13 a\u00f1os. Si dichos datos se recopilan inadvertidamente, tomamos medidas inmediatas para eliminarlos de nuestros registros.<\/p>\r\n\r\n\r\n\r\n<p>10. Informaci\u00f3n de contacto<\/p>\r\n\r\n\r\n\r\n<p>Para cualquier pregunta o inquietud con respecto a esta Pol\u00edtica de Privacidad o sus datos personales, cont\u00e1ctenos a:<\/p>\r\n\r\n\r\n\r\n<p>\u2022 Correo electr\u00f3nico: info@rushlanguageservices.com<\/p>\r\n\r\n\r\n\r\n<p>\u2022 Direcci\u00f3n: 5910 61st Street, Piso 1, Queens, NY 11378<\/p>\r\n\r\n\r\n\r\n<p>\u2022 Tel\u00e9fono: 929.332.4483<\/p>\r\n\r\n\r\n\r\n<p>Rush Translations and Immigrant Services se reserva el derecho de modificar esta Pol\u00edtica de privacidad seg\u00fan sea necesario. Le recomendamos que revise peri\u00f3dicamente esta pol\u00edtica para mantenerse informado sobre c\u00f3mo protegemos su informaci\u00f3n.<\/p>\r\n\r\n\r\n\r\n<p>&nbsp;<\/p>","protected":false},"excerpt":{"rendered":"<p>Welcome to Rush Translations &amp; Immigrant Services. Your privacy and the protection of your personal information are paramount to us. This Privacy Policy outlines the types of personal information we collect, how it\u2019s used, and the steps we take to safeguard your data. 1. Overview This Privacy Policy is exclusive to online interactions on www.rushtranslations.com [&hellip;]<\/p>\n","protected":false},"author":1,"featured_media":0,"parent":0,"menu_order":0,"comment_status":"closed","ping_status":"closed","template":"","meta":{"_acf_changed":false,"_coblocks_attr":"","_coblocks_dimensions":"","_coblocks_responsive_height":"","_coblocks_accordion_ie_support":"","_uag_custom_page_level_css":"","site-sidebar-layout":"default","site-content-layout":"","ast-site-content-layout":"default","site-content-style":"default","site-sidebar-style":"default","ast-global-header-display":"","ast-banner-title-visibility":"","ast-main-header-display":"","ast-hfb-above-header-display":"","ast-hfb-below-header-display":"","ast-hfb-mobile-header-display":"","site-post-title":"disabled","ast-breadcrumbs-content":"","ast-featured-img":"","footer-sml-layout":"","theme-transparent-header-meta":"default","adv-header-id-meta":"","stick-header-meta":"","header-above-stick-meta":"","header-main-stick-meta":"","header-below-stick-meta":"","astra-migrate-meta-layouts":"set","ast-page-background-enabled":"default","ast-page-background-meta":{"desktop":{"background-color":"var(--ast-global-color-4)","background-image":"","background-repeat":"repeat","background-position":"center center","background-size":"auto","background-attachment":"scroll","background-type":"","background-media":"","overlay-type":"","overlay-color":"","overlay-gradient":""},"tablet":{"background-color":"","background-image":"","background-repeat":"repeat","background-position":"center center","background-size":"auto","background-attachment":"scroll","background-type":"","background-media":"","overlay-type":"","overlay-color":"","overlay-gradient":""},"mobile":{"background-color":"","background-image":"","background-repeat":"repeat","background-position":"center center","background-size":"auto","background-attachment":"scroll","background-type":"","background-media":"","overlay-type":"","overlay-color":"","overlay-gradient":""}},"ast-content-background-meta":{"desktop":{"background-color":"var(--ast-global-color-5)","background-image":"","background-repeat":"repeat","background-position":"center center","background-size":"auto","background-attachment":"scroll","background-type":"","background-media":"","overlay-type":"","overlay-color":"","overlay-gradient":""},"tablet":{"background-color":"var(--ast-global-color-5)","background-image":"","background-repeat":"repeat","background-position":"center center","background-size":"auto","background-attachment":"scroll","background-type":"","background-media":"","overlay-type":"","overlay-color":"","overlay-gradient":""},"mobile":{"background-color":"var(--ast-global-color-5)","background-image":"","background-repeat":"repeat","background-position":"center center","background-size":"auto","background-attachment":"scroll","background-type":"","background-media":"","overlay-type":"","overlay-color":"","overlay-gradient":""}},"footnotes":""},"class_list":["post-2070","page","type-page","status-publish","hentry"],"acf":[],"yoast_head":"<!-- This site is optimized with the Yoast SEO Premium plugin v24.5 (Yoast SEO v27.4) - https:\/\/yoast.com\/product\/yoast-seo-premium-wordpress\/ -->\n<title>Privacy Policy<\/title>\n<meta name=\"description\" content=\"Certified privacy policy translation for compliance and transparency. $23 per page, accurate and reliable.\" \/>\n<meta name=\"robots\" content=\"index, follow, max-snippet:-1, max-image-preview:large, max-video-preview:-1\" \/>\n<link rel=\"canonical\" href=\"https:\/\/www.rushlanguageservices.com\/es\/privacy-policy\/\" \/>\n<meta property=\"og:locale\" content=\"es_ES\" \/>\n<meta property=\"og:type\" content=\"article\" \/>\n<meta property=\"og:title\" content=\"Privacy Policy\" \/>\n<meta property=\"og:description\" content=\"Certified privacy policy translation for compliance and transparency. $23 per page, accurate and reliable.\" \/>\n<meta property=\"og:url\" content=\"https:\/\/www.rushlanguageservices.com\/es\/privacy-policy\/\" \/>\n<meta property=\"og:site_name\" content=\"Rush Translations &amp; Immigrant Services\" \/>\n<meta property=\"article:publisher\" content=\"https:\/\/www.facebook.com\/rushtranslation\" \/>\n<meta property=\"article:modified_time\" content=\"2024-10-30T18:51:47+00:00\" \/>\n<meta property=\"og:image\" content=\"https:\/\/www.rushlanguageservices.com\/wp-content\/uploads\/2024\/11\/cropped-Rush-translations-final-scaled-1.jpg\" \/>\n\t<meta property=\"og:image:width\" content=\"512\" \/>\n\t<meta property=\"og:image:height\" content=\"512\" \/>\n\t<meta property=\"og:image:type\" content=\"image\/jpeg\" \/>\n<meta name=\"twitter:card\" content=\"summary_large_image\" \/>\n<meta name=\"twitter:label1\" content=\"Tiempo de lectura\" \/>\n\t<meta name=\"twitter:data1\" content=\"3 minutos\" \/>\n<script type=\"application\/ld+json\" class=\"yoast-schema-graph\">{\"@context\":\"https:\\\/\\\/schema.org\",\"@graph\":[{\"@type\":\"WebPage\",\"@id\":\"https:\\\/\\\/www.rushlanguageservices.com\\\/privacy-policy\\\/\",\"url\":\"https:\\\/\\\/www.rushlanguageservices.com\\\/privacy-policy\\\/\",\"name\":\"Privacy Policy\",\"isPartOf\":{\"@id\":\"https:\\\/\\\/www.rushlanguageservices.com\\\/#website\"},\"datePublished\":\"2024-03-06T18:33:57+00:00\",\"dateModified\":\"2024-10-30T18:51:47+00:00\",\"description\":\"Certified privacy policy translation for compliance and transparency. $23 per page, accurate and reliable.\",\"breadcrumb\":{\"@id\":\"https:\\\/\\\/www.rushlanguageservices.com\\\/privacy-policy\\\/#breadcrumb\"},\"inLanguage\":\"es\",\"potentialAction\":[{\"@type\":\"ReadAction\",\"target\":[\"https:\\\/\\\/www.rushlanguageservices.com\\\/privacy-policy\\\/\"]}]},{\"@type\":\"BreadcrumbList\",\"@id\":\"https:\\\/\\\/www.rushlanguageservices.com\\\/privacy-policy\\\/#breadcrumb\",\"itemListElement\":[{\"@type\":\"ListItem\",\"position\":1,\"name\":\"Home\",\"item\":\"https:\\\/\\\/www.rushlanguageservices.com\\\/\"},{\"@type\":\"ListItem\",\"position\":2,\"name\":\"Privacy Policy\"}]},{\"@type\":\"WebSite\",\"@id\":\"https:\\\/\\\/www.rushlanguageservices.com\\\/#website\",\"url\":\"https:\\\/\\\/www.rushlanguageservices.com\\\/\",\"name\":\"Rush Translations and Immigrant Services\",\"description\":\"Certified Translation Services\",\"publisher\":{\"@id\":\"https:\\\/\\\/www.rushlanguageservices.com\\\/#organization\"},\"potentialAction\":[{\"@type\":\"SearchAction\",\"target\":{\"@type\":\"EntryPoint\",\"urlTemplate\":\"https:\\\/\\\/www.rushlanguageservices.com\\\/?s={search_term_string}\"},\"query-input\":{\"@type\":\"PropertyValueSpecification\",\"valueRequired\":true,\"valueName\":\"search_term_string\"}}],\"inLanguage\":\"es\"},{\"@type\":\"Organization\",\"@id\":\"https:\\\/\\\/www.rushlanguageservices.com\\\/#organization\",\"name\":\"Rush Translations & Immigrant Services\",\"url\":\"https:\\\/\\\/www.rushlanguageservices.com\\\/\",\"logo\":{\"@type\":\"ImageObject\",\"inLanguage\":\"es\",\"@id\":\"https:\\\/\\\/www.rushlanguageservices.com\\\/#\\\/schema\\\/logo\\\/image\\\/\",\"url\":\"https:\\\/\\\/www.rushlanguageservices.com\\\/wp-content\\\/uploads\\\/2024\\\/06\\\/MainLogo.png\",\"contentUrl\":\"https:\\\/\\\/www.rushlanguageservices.com\\\/wp-content\\\/uploads\\\/2024\\\/06\\\/MainLogo.png\",\"width\":713,\"height\":249,\"caption\":\"Rush Translations & Immigrant Services\"},\"image\":{\"@id\":\"https:\\\/\\\/www.rushlanguageservices.com\\\/#\\\/schema\\\/logo\\\/image\\\/\"},\"sameAs\":[\"https:\\\/\\\/www.facebook.com\\\/rushtranslation\"]}]}<\/script>\n<!-- \/ Yoast SEO Premium plugin. -->","yoast_head_json":{"title":"pol\u00edtica de privacidad","description":"Certified privacy policy translation for compliance and transparency. $23 per page, accurate and reliable.","robots":{"index":"index","follow":"follow","max-snippet":"max-snippet:-1","max-image-preview":"max-image-preview:large","max-video-preview":"max-video-preview:-1"},"canonical":"https:\/\/www.rushlanguageservices.com\/es\/privacy-policy\/","og_locale":"es_ES","og_type":"article","og_title":"Privacy Policy","og_description":"Certified privacy policy translation for compliance and transparency. $23 per page, accurate and reliable.","og_url":"https:\/\/www.rushlanguageservices.com\/es\/privacy-policy\/","og_site_name":"Rush Translations &amp; Immigrant Services","article_publisher":"https:\/\/www.facebook.com\/rushtranslation","article_modified_time":"2024-10-30T18:51:47+00:00","og_image":[{"width":512,"height":512,"url":"https:\/\/www.rushlanguageservices.com\/wp-content\/uploads\/2024\/11\/cropped-Rush-translations-final-scaled-1.jpg","type":"image\/jpeg"}],"twitter_card":"summary_large_image","twitter_misc":{"Tiempo de lectura":"3 minutos"},"schema":{"@context":"https:\/\/schema.org","@graph":[{"@type":"WebPage","@id":"https:\/\/www.rushlanguageservices.com\/privacy-policy\/","url":"https:\/\/www.rushlanguageservices.com\/privacy-policy\/","name":"pol\u00edtica de privacidad","isPartOf":{"@id":"https:\/\/www.rushlanguageservices.com\/#website"},"datePublished":"2024-03-06T18:33:57+00:00","dateModified":"2024-10-30T18:51:47+00:00","description":"Certified privacy policy translation for compliance and transparency. $23 per page, accurate and reliable.","breadcrumb":{"@id":"https:\/\/www.rushlanguageservices.com\/privacy-policy\/#breadcrumb"},"inLanguage":"es","potentialAction":[{"@type":"ReadAction","target":["https:\/\/www.rushlanguageservices.com\/privacy-policy\/"]}]},{"@type":"BreadcrumbList","@id":"https:\/\/www.rushlanguageservices.com\/privacy-policy\/#breadcrumb","itemListElement":[{"@type":"ListItem","position":1,"name":"Home","item":"https:\/\/www.rushlanguageservices.com\/"},{"@type":"ListItem","position":2,"name":"Privacy Policy"}]},{"@type":"WebSite","@id":"https:\/\/www.rushlanguageservices.com\/#website","url":"https:\/\/www.rushlanguageservices.com\/","name":"Traducciones urgentes y servicios para inmigrantes","description":"Servicios de traducci\u00f3n certificada","publisher":{"@id":"https:\/\/www.rushlanguageservices.com\/#organization"},"potentialAction":[{"@type":"SearchAction","target":{"@type":"EntryPoint","urlTemplate":"https:\/\/www.rushlanguageservices.com\/?s={search_term_string}"},"query-input":{"@type":"PropertyValueSpecification","valueRequired":true,"valueName":"search_term_string"}}],"inLanguage":"es"},{"@type":"Organization","@id":"https:\/\/www.rushlanguageservices.com\/#organization","name":"Traducciones urgentes y servicios para inmigrantes","url":"https:\/\/www.rushlanguageservices.com\/","logo":{"@type":"ImageObject","inLanguage":"es","@id":"https:\/\/www.rushlanguageservices.com\/#\/schema\/logo\/image\/","url":"https:\/\/www.rushlanguageservices.com\/wp-content\/uploads\/2024\/06\/MainLogo.png","contentUrl":"https:\/\/www.rushlanguageservices.com\/wp-content\/uploads\/2024\/06\/MainLogo.png","width":713,"height":249,"caption":"Rush Translations & Immigrant Services"},"image":{"@id":"https:\/\/www.rushlanguageservices.com\/#\/schema\/logo\/image\/"},"sameAs":["https:\/\/www.facebook.com\/rushtranslation"]}]}},"uagb_featured_image_src":{"full":false,"thumbnail":false,"medium":false,"medium_large":false,"large":false,"tf-client-image-size":false,"1536x1536":false,"2048x2048":false,"trp-custom-language-flag":false,"gform-image-choice-sm":false,"gform-image-choice-md":false,"gform-image-choice-lg":false,"woocommerce_thumbnail":false,"woocommerce_single":false,"woocommerce_gallery_thumbnail":false,"dgwt-wcas-product-suggestion":false,"wc-pdf-product-vouchers-voucher-thumb":false},"uagb_author_info":{"display_name":"rushtranslations","author_link":"https:\/\/www.rushlanguageservices.com\/es\/author\/rushtranslations\/"},"uagb_comment_info":0,"uagb_excerpt":"Welcome to Rush Translations &amp; Immigrant Services. Your privacy and the protection of your personal information are paramount to us. This Privacy Policy outlines the types of personal information we collect, how it\u2019s used, and the steps we take to safeguard your data. 1. Overview This Privacy Policy is exclusive to online interactions on www.rushtranslations.com&hellip;","_links":{"self":[{"href":"https:\/\/www.rushlanguageservices.com\/es\/wp-json\/wp\/v2\/pages\/2070","targetHints":{"allow":["GET"]}}],"collection":[{"href":"https:\/\/www.rushlanguageservices.com\/es\/wp-json\/wp\/v2\/pages"}],"about":[{"href":"https:\/\/www.rushlanguageservices.com\/es\/wp-json\/wp\/v2\/types\/page"}],"author":[{"embeddable":true,"href":"https:\/\/www.rushlanguageservices.com\/es\/wp-json\/wp\/v2\/users\/1"}],"replies":[{"embeddable":true,"href":"https:\/\/www.rushlanguageservices.com\/es\/wp-json\/wp\/v2\/comments?post=2070"}],"version-history":[{"count":0,"href":"https:\/\/www.rushlanguageservices.com\/es\/wp-json\/wp\/v2\/pages\/2070\/revisions"}],"wp:attachment":[{"href":"https:\/\/www.rushlanguageservices.com\/es\/wp-json\/wp\/v2\/media?parent=2070"}],"curies":[{"name":"wp","href":"https:\/\/api.w.org\/{rel}","templated":true}]}}